{"id":1745,"date":"2025-02-07T14:08:41","date_gmt":"2025-02-07T14:08:41","guid":{"rendered":"https:\/\/www.protectgear.cl\/?post_type=product&#038;p=1745"},"modified":"2025-11-27T21:24:58","modified_gmt":"2025-11-27T21:24:58","slug":"usado-ibanez-big-mini-pedal-afinador","status":"publish","type":"product","link":"https:\/\/protectgear.cl\/en\/product\/usado-ibanez-big-mini-pedal-afinador\/","title":{"rendered":"USADO | Ibanez Big Mini &#8211; Pedal Afinador"},"content":{"rendered":"<p>El BIGMINI es un pedal afinador crom\u00e1tico compacto que cuenta con dos modos diferentes: aguja y estrobosc\u00f3pico. El rango de afinaci\u00f3n va desde A0 (27,5 Hz) hasta C8 (4186 Hz), lo que permite una detecci\u00f3n precisa del B bajo en un bajo de 5 cuerdas. El pedal tiene una calibraci\u00f3n ajustable de 435 Hz a 445 Hz y cuenta con un modo plano para una mayor flexibilidad de afinaci\u00f3n. Un interruptor de bypass real proporciona la ruta de se\u00f1al m\u00e1s corta y directa para el sonido m\u00e1s limpio posible, mientras que la pantalla LED brillante es clara y f\u00e1cil de leer incluso en los escenarios m\u00e1s oscuros.<\/p>\n<p><iframe loading=\"lazy\" title=\"Ibanez Big Mini Chromatic Tuner\" src=\"https:\/\/www.youtube.com\/embed\/E4orkKi4XSU\" width=\"1280\" height=\"720\" frameborder=\"0\" allowfullscreen=\"allowfullscreen\"><\/iframe><\/p>","protected":false},"excerpt":{"rendered":"<p>El BIGMINI es un pedal afinador crom\u00e1tico compacto que cuenta con dos modos diferentes: aguja y estrobosc\u00f3pico. El rango de afinaci\u00f3n va desde A0 (27,5 Hz) hasta C8 (4186 Hz), lo que permite una detecci\u00f3n precisa del B bajo en un bajo de 5 cuerdas. El pedal tiene una calibraci\u00f3n ajustable de 435 Hz a [&hellip;]<\/p>\n","protected":false},"featured_media":1799,"template":"","meta":{"_et_pb_use_builder":"","_et_pb_old_content":"","_et_gb_content_width":""},"product_brand":[106],"product_cat":[128,103],"product_tag":[],"class_list":{"0":"post-1745","1":"product","2":"type-product","3":"status-publish","4":"has-post-thumbnail","6":"product_brand-ibanez","7":"product_cat-pedales","8":"product_cat-usados","10":"first","11":"outofstock","12":"sale","13":"taxable","14":"shipping-taxable","15":"purchasable","16":"product-type-simple"},"_links":{"self":[{"href":"https:\/\/protectgear.cl\/en\/wp-json\/wp\/v2\/product\/1745","targetHints":{"allow":["GET"]}}],"collection":[{"href":"https:\/\/protectgear.cl\/en\/wp-json\/wp\/v2\/product"}],"about":[{"href":"https:\/\/protectgear.cl\/en\/wp-json\/wp\/v2\/types\/product"}],"wp:featuredmedia":[{"embeddable":true,"href":"https:\/\/protectgear.cl\/en\/wp-json\/wp\/v2\/media\/1799"}],"wp:attachment":[{"href":"https:\/\/protectgear.cl\/en\/wp-json\/wp\/v2\/media?parent=1745"}],"wp:term":[{"taxonomy":"product_brand","embeddable":true,"href":"https:\/\/protectgear.cl\/en\/wp-json\/wp\/v2\/product_brand?post=1745"},{"taxonomy":"product_cat","embeddable":true,"href":"https:\/\/protectgear.cl\/en\/wp-json\/wp\/v2\/product_cat?post=1745"},{"taxonomy":"product_tag","embeddable":true,"href":"https:\/\/protectgear.cl\/en\/wp-json\/wp\/v2\/product_tag?post=1745"}],"curies":[{"name":"wp","href":"https:\/\/api.w.org\/{rel}","templated":true}]}}